{"id":678,"date":"2026-04-30T10:44:47","date_gmt":"2026-04-30T10:44:47","guid":{"rendered":"https:\/\/www.krajinaosiguranje.ba\/?page_id=678"},"modified":"2026-04-30T11:27:38","modified_gmt":"2026-04-30T11:27:38","slug":"godisnji-izvjestaj","status":"publish","type":"page","link":"https:\/\/www.krajinaosiguranje.ba\/?page_id=678","title":{"rendered":"GODI\u0160NJI IZVJE\u0160TAJI"},"content":{"rendered":"\n<h2 class=\"wp-block-heading has-text-align-center has-background-color has-text-color has-link-color has-fse-political-poppins-font-family wp-elements-2718365ff9e9df780af949ba17c67168\">GODI\u0160NJI IZVJE\u0160TAJI<\/h2>\n\n\n\n<h5 class=\"wp-block-heading has-background-color has-text-color has-link-color has-fse-political-poppins-font-family wp-elements-019decf2c60b2c4102ffce97e1d55c84\">GODI\u0160NJI IZVJE\u0160TAJ O POSLOVANJU &#8211; 2025. GODINA<\/h5>\n\n\n\n<div class=\"wp-block-file has-link-color wp-elements-7e71df7d53e801a0e7381394a983d0ea\"><a id=\"wp-block-file--media-3bf9d5b6-b861-4bc9-9102-301d221882c9\" href=\"https:\/\/www.krajinaosiguranje.ba\/wp-content\/uploads\/2026\/04\/Godisnji-izvjestaj-poslovanju-2025.pdf\">GODI\u0160NJI IZVJE\u0160TAJ O POSLOVANJU ZA 2025. GODINU<\/a><\/div>\n\n\n\n<h5 class=\"wp-block-heading has-background-color has-text-color has-link-color has-fse-political-poppins-font-family wp-elements-3e3bd0b14974b491a362f4cb8e55589f\">GODI\u0160NJI IZVJE\u0160TAJ O POSLOVANJU &#8211; 2024. GODINA<\/h5>\n\n\n\n<div class=\"wp-block-file has-link-color wp-elements-3b34828864197184a34bdfd7e729a3eb\"><a id=\"wp-block-file--media-d5b13c20-a96d-4475-b5e2-f5a829080ce3\" href=\"https:\/\/www.krajinaosiguranje.ba\/wp-content\/uploads\/2026\/04\/Godisnji-izvjestaj-o-poslovanju-za-2024.-godinu.pdf\">GODI\u0160NJI IZVJE\u0160TAJ O POSLOVANJU ZA 2024. GODINU<\/a><\/div>\n\n\n\n<h5 class=\"wp-block-heading has-background-color has-text-color has-link-color has-fse-political-poppins-font-family wp-elements-e8e8734b56502f08215f24ae730be33b\">GODI\u0160NJI IZVJE\u0160TAJ O POSLOVANJU &#8211; 2023. GODINA<\/h5>\n\n\n\n<div class=\"wp-block-file has-link-color wp-elements-e5b3b1b6e9b83c9d45a0a70691ceb9e5\"><a id=\"wp-block-file--media-a18c8d8a-7a45-4e98-a7ca-15add5f32d7c\" href=\"https:\/\/www.krajinaosiguranje.ba\/wp-content\/uploads\/2026\/04\/Godisnji-izvjestaj-o-poslovanju-za-2023-godinu_compressed.pdf\">GODI\u0160NJI IZVJE\u0160TAJ O POSLOVANJU ZA 2023. GODINU<\/a><\/div>\n","protected":false},"excerpt":{"rendered":"<p>GODI\u0160NJI IZVJE\u0160TAJI GODI\u0160NJI IZVJE\u0160TAJ O POSLOVANJU &#8211; 2025. GODINA GODI\u0160NJI IZVJE\u0160TAJ O POSLOVANJU &#8211; 2024. GODINA GODI\u0160NJI IZVJE\u0160TAJ O POSLOVANJU &#8211; 2023. GODINA<\/p>\n","protected":false},"author":1,"featured_media":0,"parent":0,"menu_order":0,"comment_status":"closed","ping_status":"closed","template":"","meta":{"_animmysite_disable_animation":false,"footnotes":""},"class_list":["post-678","page","type-page","status-publish","hentry"],"_links":{"self":[{"href":"https:\/\/www.krajinaosiguranje.ba\/index.php?rest_route=\/wp\/v2\/pages\/678","targetHints":{"allow":["GET"]}}],"collection":[{"href":"https:\/\/www.krajinaosiguranje.ba\/index.php?rest_route=\/wp\/v2\/pages"}],"about":[{"href":"https:\/\/www.krajinaosiguranje.ba\/index.php?rest_route=\/wp\/v2\/types\/page"}],"author":[{"embeddable":true,"href":"https:\/\/www.krajinaosiguranje.ba\/index.php?rest_route=\/wp\/v2\/users\/1"}],"replies":[{"embeddable":true,"href":"https:\/\/www.krajinaosiguranje.ba\/index.php?rest_route=%2Fwp%2Fv2%2Fcomments&post=678"}],"version-history":[{"count":4,"href":"https:\/\/www.krajinaosiguranje.ba\/index.php?rest_route=\/wp\/v2\/pages\/678\/revisions"}],"predecessor-version":[{"id":696,"href":"https:\/\/www.krajinaosiguranje.ba\/index.php?rest_route=\/wp\/v2\/pages\/678\/revisions\/696"}],"wp:attachment":[{"href":"https:\/\/www.krajinaosiguranje.ba\/index.php?rest_route=%2Fwp%2Fv2%2Fmedia&parent=678"}],"curies":[{"name":"wp","href":"https:\/\/api.w.org\/{rel}","templated":true}]}}