{"id":557,"date":"2026-04-23T18:52:08","date_gmt":"2026-04-23T18:52:08","guid":{"rendered":"https:\/\/www.krajinaosiguranje.ba\/?page_id=557"},"modified":"2026-04-23T18:52:08","modified_gmt":"2026-04-23T18:52:08","slug":"prituzbe","status":"publish","type":"page","link":"https:\/\/www.krajinaosiguranje.ba\/?page_id=557","title":{"rendered":"PRITU\u017dBE"},"content":{"rendered":"\n<h2 class=\"wp-block-heading has-text-align-center has-fse-political-poppins-font-family\"><mark style=\"background-color:rgba(0, 0, 0, 0)\" class=\"has-inline-color has-background-color\">KAKO PODNIJETI PRIGOVOR<\/mark><\/h2>\n\n\n\n<p>Prema Pravilniku o postupanju dru\u0161tava za osiguranje u vezi sa pritu\u017ebama ( Sl. gl. RS br.10\/15), kao i prema Pravilniku o postupku odlu\u010divanja po pritu\u017ebama \u201eKrajina osiguranje\u201c a.d. Banja Luka, obavje\u0161tavamo Vas da imate pravo na podno\u0161enje pritu\u017ebe.<\/p>\n\n\n\n<p>Postupak podno\u0161enje pritu\u017ebe<\/p>\n\n\n\n<p>Pritu\u017eba mogu se podnijeti, usmeno ili pismeno, na jedan od slijede\u0107ih na\u010dina:<\/p>\n\n\n\n<ul class=\"wp-block-list\">\n<li>Po\u0161tom na adresu: \u201eKrajina osiguranje\u201c a.d. Banja Luka, Bra\u0107e Panti\u0107a broj 2, 78 000  Banja Luka<\/li>\n\n\n\n<li>Putem e-Mail adrese: <a href=\"mailto:kontakt@eurososiguranje.com\">office@krajinaosiguranje.ba<\/a><\/li>\n\n\n\n<li>Pozivom na broj: 066 66 00 22<\/li>\n<\/ul>\n\n\n\n<p>Pritu\u017eba se podnosi u roku od 15 dana od dana kada je podnosilac pritu\u017ebe primio odluku na koju podnosi pritu\u017ebu, odnosno od dana kada je saznao za razlog pritu\u017ebe, a najkasnije u roku od godinu dana od dana kada se desio doga\u0111aj ili nastupila \u010dinjenica na koju se pritu\u017eba odnosi.<\/p>\n\n\n\n<h5 class=\"wp-block-heading has-fse-political-poppins-font-family\"><mark style=\"background-color:rgba(0, 0, 0, 0)\" class=\"has-inline-color has-background-color\">OBAVEZAN SADR\u017dAJ PRITU\u017dBE<\/mark><\/h5>\n\n\n\n<ul class=\"wp-block-list\">\n<li>podnosilac fizi\u010dko lice, ime i prezime, adresu podnosioca pritu\u017ebe ili njegovog zakonskog zastupnika,<\/li>\n\n\n\n<li>podnosilac pravno lice, naziv firme, sjedi\u0161te, ime i prezime odgovorne osobe podnosica pritu\u017ebe,<\/li>\n\n\n\n<li>razloge za podno\u0161enje pritu\u017ebe,<\/li>\n\n\n\n<li>dokaze i isprave kojima se potvr\u0111uju navodi iz pritu\u017ebe, kada ih je mogu\u0107e prilo\u017eiti, kao i prijedloge za izvo\u0111enje dokaza,<\/li>\n\n\n\n<li>datum i mjesto podno\u0161enja pritu\u017ebe i potpis podnosioca pritu\u017ebe, odnosno lica koje ga zastupa<\/li>\n\n\n\n<li>prilo\u017eenu punomo\u0107 za zastupanje, ukoliko je pritu\u017eba podnesena od strane punomo\u0107nika.<\/li>\n<\/ul>\n\n\n\n<p>Odluka o podnesenoj pritu\u017ebi donosi se u roku od 15 dana ra\u010dunaju\u0107i od dana prijema potpune i kompletirane pritu\u017ebe.<\/p>\n","protected":false},"excerpt":{"rendered":"<p>KAKO PODNIJETI PRIGOVOR Prema Pravilniku o postupanju dru\u0161tava za osiguranje u vezi sa pritu\u017ebama ( Sl. gl. RS br.10\/15), kao i prema Pravilniku o postupku odlu\u010divanja po pritu\u017ebama \u201eKrajina osiguranje\u201c a.d. Banja Luka, obavje\u0161tavamo Vas da imate pravo na podno\u0161enje pritu\u017ebe. Postupak podno\u0161enje pritu\u017ebe Pritu\u017eba mogu se podnijeti, usmeno ili pismeno, na jedan od slijede\u0107ih [&hellip;]<\/p>\n","protected":false},"author":1,"featured_media":0,"parent":0,"menu_order":0,"comment_status":"closed","ping_status":"closed","template":"","meta":{"_animmysite_disable_animation":false,"footnotes":""},"class_list":["post-557","page","type-page","status-publish","hentry"],"_links":{"self":[{"href":"https:\/\/www.krajinaosiguranje.ba\/index.php?rest_route=\/wp\/v2\/pages\/557","targetHints":{"allow":["GET"]}}],"collection":[{"href":"https:\/\/www.krajinaosiguranje.ba\/index.php?rest_route=\/wp\/v2\/pages"}],"about":[{"href":"https:\/\/www.krajinaosiguranje.ba\/index.php?rest_route=\/wp\/v2\/types\/page"}],"author":[{"embeddable":true,"href":"https:\/\/www.krajinaosiguranje.ba\/index.php?rest_route=\/wp\/v2\/users\/1"}],"replies":[{"embeddable":true,"href":"https:\/\/www.krajinaosiguranje.ba\/index.php?rest_route=%2Fwp%2Fv2%2Fcomments&post=557"}],"version-history":[{"count":1,"href":"https:\/\/www.krajinaosiguranje.ba\/index.php?rest_route=\/wp\/v2\/pages\/557\/revisions"}],"predecessor-version":[{"id":558,"href":"https:\/\/www.krajinaosiguranje.ba\/index.php?rest_route=\/wp\/v2\/pages\/557\/revisions\/558"}],"wp:attachment":[{"href":"https:\/\/www.krajinaosiguranje.ba\/index.php?rest_route=%2Fwp%2Fv2%2Fmedia&parent=557"}],"curies":[{"name":"wp","href":"https:\/\/api.w.org\/{rel}","templated":true}]}}